{"id":17,"date":"2026-04-28T14:02:16","date_gmt":"2026-04-28T14:02:16","guid":{"rendered":"https:\/\/lindsaytracyagency.com\/?page_id=17"},"modified":"2026-04-28T17:28:41","modified_gmt":"2026-04-28T17:28:41","slug":"galerie","status":"publish","type":"page","link":"https:\/\/lindsaytracyagency.com\/index.php\/galerie\/","title":{"rendered":"Galerie"},"content":{"rendered":"\t\t<div data-elementor-type=\"wp-page\" data-elementor-id=\"17\" class=\"elementor elementor-17\">\n\t\t\t\t\t\t<div class=\"elementor-element elementor-element-cc4adbd e-con e-atomic-element e-flexbox-base e-cc4adbd-f4cd28c\" data-id=\"cc4adbd\" data-element_type=\"e-flexbox\" data-e-type=\"e-flexbox\" data-interaction-id=\"cc4adbd\">\n\t\t\t\t\t\t\t<h2 \n\t\tdata-interaction-id=\"007a5d5\" \n\t\tclass=\"e-007a5d5-74f8718 e-heading-base\" \n\t\t \n\t\t\n\t>\n\t\n\t\t\tGalerie&nbsp;\n\t\t<\/h2>\n\t\t\t\t<\/div>\n\t\t\t\t<div class=\"elementor-element elementor-element-e4552d1 e-con e-atomic-element e-flexbox-base e-e4552d1-d54b9fc\" data-id=\"e4552d1\" data-element_type=\"e-flexbox\" data-e-type=\"e-flexbox\" data-interaction-id=\"e4552d1\">\n\t\t\t\t\t\t\t\t<p class=\"e-adbf962-7976107 e-paragraph-base\" data-interaction-id=\"adbf962\"  >\n\t\t\t\t\t\t\t\t&nbsp;Les galeries photos seront disponibles apr\u00e8s chaque \u00e9v\u00e9nement. Revenez nous rendre visite !\n\t\t\t\t\t<\/p>\n\t\t\t\t<\/div>\n\t\t\t\t<\/div>\n\t\t","protected":false},"excerpt":{"rendered":"<p>Galerie&nbsp; &nbsp;Les galeries photos seront disponibles apr\u00e8s chaque \u00e9v\u00e9nement. Revenez nous rendre visite !<\/p>\n","protected":false},"author":1,"featured_media":30,"parent":0,"menu_order":0,"comment_status":"closed","ping_status":"closed","template":"","meta":{"footnotes":""},"class_list":["post-17","page","type-page","status-publish","has-post-thumbnail","hentry"],"_links":{"self":[{"href":"https:\/\/lindsaytracyagency.com\/index.php\/wp-json\/wp\/v2\/pages\/17","targetHints":{"allow":["GET"]}}],"collection":[{"href":"https:\/\/lindsaytracyagency.com\/index.php\/wp-json\/wp\/v2\/pages"}],"about":[{"href":"https:\/\/lindsaytracyagency.com\/index.php\/wp-json\/wp\/v2\/types\/page"}],"author":[{"embeddable":true,"href":"https:\/\/lindsaytracyagency.com\/index.php\/wp-json\/wp\/v2\/users\/1"}],"replies":[{"embeddable":true,"href":"https:\/\/lindsaytracyagency.com\/index.php\/wp-json\/wp\/v2\/comments?post=17"}],"version-history":[{"count":25,"href":"https:\/\/lindsaytracyagency.com\/index.php\/wp-json\/wp\/v2\/pages\/17\/revisions"}],"predecessor-version":[{"id":126,"href":"https:\/\/lindsaytracyagency.com\/index.php\/wp-json\/wp\/v2\/pages\/17\/revisions\/126"}],"wp:featuredmedia":[{"embeddable":true,"href":"https:\/\/lindsaytracyagency.com\/index.php\/wp-json\/wp\/v2\/media\/30"}],"wp:attachment":[{"href":"https:\/\/lindsaytracyagency.com\/index.php\/wp-json\/wp\/v2\/media?parent=17"}],"curies":[{"name":"wp","href":"https:\/\/api.w.org\/{rel}","templated":true}]}}